{"id":60,"date":"2018-05-25T14:18:33","date_gmt":"2018-05-25T14:18:33","guid":{"rendered":"https:\/\/studiomobil.net\/?page_id=60"},"modified":"2024-07-08T23:09:46","modified_gmt":"2024-07-08T23:09:46","slug":"leistungen","status":"publish","type":"page","link":"https:\/\/studiomobil.net\/?page_id=60","title":{"rendered":"Aufnahme, Studio, Nachbearbeitung"},"content":{"rendered":"<p style=\"text-align: left;\">Wir nehmen Sie nicht nur auf. Wir k\u00f6nnen den gesamten Produktionsvorgang mit Ihnen durchf\u00fchren. <span style=\"color: #000000;\">Nat\u00fcrlich stehen wir gern auch f\u00fcr einzelne Schritte zur Verf\u00fcgung.\u00a0 In der Regel besteht eine Text-, Song- oder Albumproduktion aus:<br \/>\n<\/span><\/p>\n<p><span style=\"color: #000000;\"><em>Aufnahme \u2192 Auswahl \u2192 Korrektur \u2192 Mischung \u2192 Mastering und \u2192 Vervielf\u00e4ltigung<\/em><\/span><\/p>\n<p>Wir gehen mal kurz auf die einzelnen Schritte ein:<\/p>\n<hr \/>\n<p><span style=\"color: #000000;\"><strong>Aufnahme<\/strong><\/span><\/p>\n<p><span style=\"color: #000000;\">Immer dann, wenn Sie Ihre Kunst vorort und nicht im Tonstudio verewigen wollen, sind Sie bei uns an der richtigen Adresse.\u00a0 W\u00e4hrend klassische kleine Musikgruppen die Wahl haben, ob sie mobil oder im Tonstudio aufnehmen wollen, stellt sich diese Frage bei gr\u00f6\u00dferen Ensembles wie Ch\u00f6ren, Posaunench\u00f6ren, Orchestern oder auch Kinderg\u00e4rten und Schulen gar nicht erst. F\u00fcr die Anzahl der Teilnehmer w\u00fcrde das Platzangebot im Studio in der Regel nicht ausreichen.<\/span><\/p>\n<p><span style=\"color: #000000;\">Wir kommen mit Hi-End-Mikrofonen, Mischpulten, Aufnahmeger\u00e4ten und reichlich guter Laune zu Ihnen, um ihre sch\u00f6nsten Lieder oder Texte auf Band, pardon, auf Festplatte, zu bannen. Sie sind schon Profi und haben h\u00f6chste Ambitionen? Kein Problem. Wir bringen alles mit, was Sie brauchen, inklusive Top-Equipment und Know-how.<\/span><\/p>\n<p><span style=\"color: #000000;\">Sie sind semiprofessionell oder Hobbymusiker(in)? Sie denken vielleicht, weil Sie nicht so gut sind, ben\u00f6tigen Sie auch keine gute Aufnahme wie die Profis, das k\u00f6nne bei Ihnen doch jeder aufnehmen? Das stimmt leider nicht so ganz. Gerade die Arbeit mit Laien,\u00a0 mit semiprofessionellen Musikern und nat\u00fcrlich auch mit Kindern und Jugendlichen erfordert viel Einf\u00fchlungsverm\u00f6gen und Bedacht. Die Kunst dabei ist, auch mit nicht so sicheren Musikern das bestm\u00f6gliche Ergebnis zu erzielen, ohne Druck auszu\u00fcben. &#8222;Motivation&#8220;, &#8222;Empathie&#8220;,\u00a0 &#8222;Lockerheit&#8220; und nat\u00fcrlich &#8222;Spa\u00df&#8220; geh\u00f6ren zu den Zauberworten.<\/span><\/p>\n<figure id=\"attachment_196\" aria-describedby=\"caption-attachment-196\" style=\"width: 336px\" class=\"wp-caption aligncenter\"><img loading=\"lazy\" decoding=\"async\" class=\"wp-image-196\" src=\"https:\/\/studiomobil.net\/wp-content\/uploads\/2018\/05\/fullsizeoutput_11-e1527608053825.jpeg\" alt=\"\" width=\"336\" height=\"448\" \/><figcaption id=\"caption-attachment-196\" class=\"wp-caption-text\"><span style=\"color: #000000;\"><span style=\"color: #808080;\">Feinste Technik im Aufnahmerack. Entscheidend ist aber der, der das auch bedienen kann.<\/span> <br \/><\/span><\/figcaption><\/figure>\n<p><span style=\"color: #000000;\">Mit Kirchench\u00f6ren und gr\u00f6\u00dferen Musikprojekten verbringen wir oft mehrere Tage am St\u00fcck.\u00a0 Hierbei k\u00f6nnen eine gro\u00dfartige Dynamik und ein tolles Zusammengeh\u00f6rigkeitsgef\u00fchl entstehen. Bereits dieser Weg zum Endprodukt kann f\u00fcr alle, und damit meine ich auch f\u00fcr uns, ein positives, markantes und unvergessliches Erlebnis werden &#8211; vergleichbar etwa mit einer tolle Reise oder einer wunderbaren Klassenfahrt.<\/span><\/p>\n<p><span style=\"color: #000000;\">F\u00fcr die Profis unter Ihnen, die echtes &#8222;toningenieurisch&#8220; verstehen: Wir nehmen je nach Aufgabe sowohl mit Stereoverfahren (ORTF, AB, XY) als auch mit Einzelabnahmen und St\u00fctzmikrofonen auf. Klassische\u00a0 Rock- und Popbands werden bevorzugt im Overdub-Verfahren aufgenommen. Bei Kirchench\u00f6ren versuchen wir &#8222;Gro\u00df-AB&#8220; zu realisieren, wenn die Akustik dieses wunderbare Verfahren erm\u00f6glicht.<\/span><\/p>\n<hr \/>\n<p><span style=\"color: #000000;\"><strong>Auswahl<\/strong><\/span><\/p>\n<p><span style=\"color: #000000;\">Wir nehmen in den meisten F\u00e4llen mehrere &#8222;Takes&#8220; (So hei\u00dfen die einzelnen Aufnahmen) eines Liedes oder Textes auf und w\u00e4hlen dann mit gespitzten Ohren die besten Exemplare aus. Manchmal, wenn es beim Einspielen oder Einsingen partout nicht klappen sollte, schneiden wir auch mehrere &#8222;Takes&#8220; zu einem neuen, perfekten Take zusammen.<br \/>\n<\/span><\/p>\n<hr \/>\n<p><span style=\"color: #000000;\"><strong>Korrektur und Schnitt<br \/>\n<\/strong><\/span><\/p>\n<figure id=\"attachment_194\" aria-describedby=\"caption-attachment-194\" style=\"width: 235px\" class=\"wp-caption alignleft\"><img loading=\"lazy\" decoding=\"async\" class=\" wp-image-194\" src=\"https:\/\/studiomobil.net\/wp-content\/uploads\/2018\/05\/IMG_0051-e1527607317806.jpg\" alt=\"\" width=\"235\" height=\"235\" srcset=\"https:\/\/studiomobil.net\/wp-content\/uploads\/2018\/05\/IMG_0051-e1527607317806.jpg 2448w, https:\/\/studiomobil.net\/wp-content\/uploads\/2018\/05\/IMG_0051-e1527607317806-150x150.jpg 150w, https:\/\/studiomobil.net\/wp-content\/uploads\/2018\/05\/IMG_0051-e1527607317806-300x300.jpg 300w, https:\/\/studiomobil.net\/wp-content\/uploads\/2018\/05\/IMG_0051-e1527607317806-768x768.jpg 768w, https:\/\/studiomobil.net\/wp-content\/uploads\/2018\/05\/IMG_0051-e1527607317806-1024x1024.jpg 1024w, https:\/\/studiomobil.net\/wp-content\/uploads\/2018\/05\/IMG_0051-e1527607317806-100x100.jpg 100w\" sizes=\"(max-width: 235px) 100vw, 235px\" \/><figcaption id=\"caption-attachment-194\" class=\"wp-caption-text\">Schlagzeuger mit unserer Vollmikrofonierung.<\/figcaption><\/figure>\n<p><span style=\"color: #000000;\">Das aufgenommene Material wird von uns geschnitten und technisch entst\u00f6rt. Scharfe S- oder Z-Laute werden abgeschw\u00e4cht, laute Atemger\u00e4usche bei Bedarf abgesenkt und alle weiteren St\u00f6rger\u00e4usche entfernt (wie Brummen, Rauschen, Knacksen, Husten, Schnaufen, Magenknurren &#8211; sie glauben gar nicht, was Mikrofone alles aufnehmen ;).<\/span><\/p>\n<p><span style=\"color: #000000;\">Bei klassischen Bands nehmen wir zuerst das Schlagzeug auf. Da dieses sp\u00e4ter als Rhythmus-Bezug f\u00fcr alle anderen Bandmitglieder dient, bearbeiten wir das Schlagzeug oft schon vorort (manchmal in der Mittagspause), bevor weitere Musiker spielen, damit diese stets im Takt bleiben. Du bist Schlagzeuger und verspielst Dich ab und zu? Kein Problem. Wir korrigieren das. Auch ein mal schief gesungener Ton des S\u00e4ngers \/ der S\u00e4ngerin stellt f\u00fcr uns keine H\u00fcrde dar.<\/span><\/p>\n<hr \/>\n<p><span style=\"color: #000000;\"><strong>Mischung<\/strong><\/span><\/p>\n<p><span style=\"color: #000000;\">Und wir haben feine Tricks auf Lager, um Ihre Musik gro\u00dfartig in Szene zu setzen. Wir w\u00e4re es mit Gesang &#8222;Bigger Than Life&#8220;? Gern! Oder ein nat\u00fcrlich schnarrender Kontrabass? Na klar, kein Problem. So nehmen wir beispielsweise bei Saiteninstrumenten den reinen Ton und die Griff-\/Schnarrger\u00e4usche getrennt auf, um bei der Nachbearbeitung die &#8222;Schnarrdosis&#8220; selbst bestimmen zu k\u00f6nnen.<\/span><\/p>\n<p><span style=\"color: #000000;\">Wir staffeln die Instrumente bei der Mischung\u00a0mit Equalizern und Kompressoren so, dass jedes einzelne gut im Stereobild geortet werden kann, und f\u00fcgen bei Bedarf Effekte wie Hall oder Delay hinzu. Ziel ist ein ausgewogener, warmer Gesamtsound mit sauberen, definierten Mitten, glasklaren H\u00f6hen und, je nach Stilrichting, feinen bis kraftvollen B\u00e4ssen. \u00dcbrigens: Wie wir das machen,\u00a0 erfahren Sie nach und nach in unserem Blog.<br \/>\n<\/span><\/p>\n<hr \/>\n<p><span style=\"color: #000000;\"><strong>Mastering<\/strong><\/span><\/p>\n<p><span style=\"color: #000000;\">Dem finalen Mastering (auch: Premastering) kommt bei einer kompletten Albumproduktion eine besondere Bedeutung zu. Die Aufnahmen bekommen nicht nur den letzten Schliff, sondern auch einen klanglichen Zusammenhalt, einen &#8222;roten Faden&#8220;. Au\u00dferdem wird daf\u00fcr gesorgt, dass die Musik bei unterschiedlichen akustischen Bedingungen, also beispielsweise im Auto, auf der Stereoanlage und im Kopfh\u00f6rer, etwa gleich gut klingt.<\/span><\/p>\n<p><span style=\"color: #000000;\"><em>Wir machen auch Livemischungen und Livemitschnitte!<\/em><\/span><\/p>\n<hr \/>\n<p><span style=\"color: #000000;\"><strong>Vervielf\u00e4ltigung<\/strong><\/span><\/p>\n<p><span style=\"color: #000000;\">Gerne vervielf\u00e4ltigen wir Ihre Aufnahmen auf Tontr\u00e4ger in Auflagen ab 50 St\u00fcck. CDs sind immer noch sehr gefragt, wenn es um den Erhalt von Erinnerungen geht. Spotify oder iTunes kann man nun mal schlecht ins Regal stellen. Und eine CD werden Sie wohl immer \u00f6fter h\u00f6ren als einen Song im Streaming&#8230;<\/span><\/p>\n<hr \/>\n<p><span style=\"color: #000000;\"><strong>Kinder und Jugendliche<br \/>\n<\/strong><\/span><\/p>\n<p><span style=\"color: #000000;\">Uns liegt viel an der musikalischen F\u00f6rderung von Kindern und Jugendlichen. Kinderg\u00e4rten, Schulen, freie Kinder- und Jugendch\u00f6re und alle andern jungen Musiziergruppen erhalten bei uns sehr g\u00fcnstige Tarife. Manchmal l\u00e4sst sich die Aufnahme allein durch den anschlie\u00dfenden CD-Verkauf an die Eltern finanzieren. Das hei\u00dft, dem Kindergarten oder der Schule entstehen keine Kosten bei voller Spa\u00dfdosis.<br \/>\n<\/span><\/p>\n<p>&nbsp;<\/p>\n<p>&nbsp;<\/p>\n<p>&nbsp;<\/p>\n","protected":false},"excerpt":{"rendered":"<p>Wir nehmen Sie nicht nur auf. Wir k\u00f6nnen den gesamten Produktionsvorgang mit Ihnen durchf\u00fchren. Nat\u00fcrlich stehen wir gern auch f\u00fcr einzelne Schritte zur Verf\u00fcgung.\u00a0 In der Regel besteht eine Text-, Song- oder Albumproduktion aus: Aufnahme \u2192 Auswahl \u2192 Korrektur \u2192 Mischung \u2192 Mastering und \u2192 Vervielf\u00e4ltigung Wir gehen mal kurz auf die einzelnen Schritte ein: &hellip; <\/p>\n<p class=\"link-more\"><a href=\"https:\/\/studiomobil.net\/?page_id=60\" class=\"more-link\"><span class=\"screen-reader-text\">\u201eAufnahme, Studio, Nachbearbeitung\u201c<\/span> weiterlesen<\/a><\/p>\n","protected":false},"author":1,"featured_media":0,"parent":0,"menu_order":0,"comment_status":"closed","ping_status":"closed","template":"","meta":{"footnotes":""},"class_list":["post-60","page","type-page","status-publish","hentry"],"_links":{"self":[{"href":"https:\/\/studiomobil.net\/index.php?rest_route=\/wp\/v2\/pages\/60"}],"collection":[{"href":"https:\/\/studiomobil.net\/index.php?rest_route=\/wp\/v2\/pages"}],"about":[{"href":"https:\/\/studiomobil.net\/index.php?rest_route=\/wp\/v2\/types\/page"}],"author":[{"embeddable":true,"href":"https:\/\/studiomobil.net\/index.php?rest_route=\/wp\/v2\/users\/1"}],"replies":[{"embeddable":true,"href":"https:\/\/studiomobil.net\/index.php?rest_route=%2Fwp%2Fv2%2Fcomments&post=60"}],"version-history":[{"count":69,"href":"https:\/\/studiomobil.net\/index.php?rest_route=\/wp\/v2\/pages\/60\/revisions"}],"predecessor-version":[{"id":414,"href":"https:\/\/studiomobil.net\/index.php?rest_route=\/wp\/v2\/pages\/60\/revisions\/414"}],"wp:attachment":[{"href":"https:\/\/studiomobil.net\/index.php?rest_route=%2Fwp%2Fv2%2Fmedia&parent=60"}],"curies":[{"name":"wp","href":"https:\/\/api.w.org\/{rel}","templated":true}]}}