{"id":47,"date":"2018-05-25T13:28:48","date_gmt":"2018-05-25T13:28:48","guid":{"rendered":"https:\/\/studiomobil.net\/?page_id=47"},"modified":"2024-07-03T20:47:48","modified_gmt":"2024-07-03T20:47:48","slug":"startseite","status":"publish","type":"page","link":"https:\/\/studiomobil.net\/","title":{"rendered":"Startseite"},"content":{"rendered":"<p><strong>Herzlich willkommen bei Studiomobil!<\/strong><\/p>\n<p>Unsere Dienstleistungen lassen sich in zwei Bereiche aufteilen, in den Bereich <em>&#8222;Mobiles Studio&#8220;<\/em> und in den Bereich Individuelle <em>Musikproduktion\/Komposition, sprich: Humblebeat!<\/em><\/p>\n<p><strong>Mobiles Studio<\/strong><\/p>\n<p>Bei uns muss keine Band, kein Singer\/Songwriter, kein Chor, keine Schulband und kein Sprecher in ein s\u00fcndhaft teures Tonstudio fahren, um aufgenommen und gemischt zu werden, denn wir kommen mit unserem Tonstudio zu Ihnen. In ganz Deutschland!<\/p>\n<p>Wir k\u00f6nnen Sie von der Vorbereitung \u00fcber die Aufnahme und die Musikmischung bis hin zum Mastering und Endprodukt rundum betreuen und Ihnen mit unserer langj\u00e4hrigen Erfahrung beistehen. Dabei \u00fcbernehmen wir je nach Bedarf und Kundenwunsch auch die k\u00fcnstlerische Leitung\/Produktion oder und helfen sogar beim Arrangement. <em>Und dabei ganz wichtig ist: <\/em>Wir arbeiten nicht nur mit Profis, sondern immer wieder begeistert auch mit Hobbymusikern, egal, welchen Alters.<\/p>\n<p><strong>Individuelle Musikproduktion f\u00fcr Videos und\u00a0<\/strong><b>Veranstaltungen<\/b><\/p>\n<p>Unter dem Projektnamen <strong>&#8222;Humblebeat&#8220;<\/strong> komponieren und produzieren wir f\u00fcr Sie auch eigene Songs und Hintergrundmusik f\u00fcr Ihr Video, Ihren Webauftritt, Ihre Veranstaltung oder Ihr Social-Media-Profil in TikTok, Instagram etc.<\/p>\n<p>Viel Spa\u00df auf unseren Seiten!<\/p>\n<p>Viele herzliche Gr\u00fc\u00dfe, Alexander Rothenberg<\/p>\n<p>&nbsp;<\/p>\n","protected":false},"excerpt":{"rendered":"<p>Herzlich willkommen bei Studiomobil! Unsere Dienstleistungen lassen sich in zwei Bereiche aufteilen, in den Bereich &#8222;Mobiles Studio&#8220; und in den Bereich Individuelle Musikproduktion\/Komposition, sprich: Humblebeat! Mobiles Studio Bei uns muss keine Band, kein Singer\/Songwriter, kein Chor, keine Schulband und kein Sprecher in ein s\u00fcndhaft teures Tonstudio fahren, um aufgenommen und gemischt zu werden, denn wir &hellip; <\/p>\n<p class=\"link-more\"><a href=\"https:\/\/studiomobil.net\/\" class=\"more-link\"><span class=\"screen-reader-text\">\u201eStartseite\u201c<\/span> weiterlesen<\/a><\/p>\n","protected":false},"author":1,"featured_media":0,"parent":0,"menu_order":0,"comment_status":"closed","ping_status":"closed","template":"","meta":{"footnotes":""},"class_list":["post-47","page","type-page","status-publish","hentry"],"_links":{"self":[{"href":"https:\/\/studiomobil.net\/index.php?rest_route=\/wp\/v2\/pages\/47"}],"collection":[{"href":"https:\/\/studiomobil.net\/index.php?rest_route=\/wp\/v2\/pages"}],"about":[{"href":"https:\/\/studiomobil.net\/index.php?rest_route=\/wp\/v2\/types\/page"}],"author":[{"embeddable":true,"href":"https:\/\/studiomobil.net\/index.php?rest_route=\/wp\/v2\/users\/1"}],"replies":[{"embeddable":true,"href":"https:\/\/studiomobil.net\/index.php?rest_route=%2Fwp%2Fv2%2Fcomments&post=47"}],"version-history":[{"count":21,"href":"https:\/\/studiomobil.net\/index.php?rest_route=\/wp\/v2\/pages\/47\/revisions"}],"predecessor-version":[{"id":412,"href":"https:\/\/studiomobil.net\/index.php?rest_route=\/wp\/v2\/pages\/47\/revisions\/412"}],"wp:attachment":[{"href":"https:\/\/studiomobil.net\/index.php?rest_route=%2Fwp%2Fv2%2Fmedia&parent=47"}],"curies":[{"name":"wp","href":"https:\/\/api.w.org\/{rel}","templated":true}]}}