{"id":416,"date":"2024-07-16T09:31:58","date_gmt":"2024-07-16T09:31:58","guid":{"rendered":"https:\/\/studiomobil.net\/?page_id=416"},"modified":"2024-07-19T07:06:05","modified_gmt":"2024-07-19T07:06:05","slug":"referenzen-kleiner-auszug","status":"publish","type":"page","link":"https:\/\/studiomobil.net\/?page_id=416","title":{"rendered":"Referenzen"},"content":{"rendered":"\n<p>Referenzen (kleiner Auszug) von Alexander Rothenberg &amp; Sven Baumelt<\/p>\n\n\n\n<p>Aurora, Beat Magazin, Carlsen Verlag Hamburg, Coffee, Disneys Tarzan Musical, Element Of Crime, Junges Gl\u00fcck, Flugbegleiter, Franka Potente, Humblebeat, Iris Berben, diverse Kinderg\u00e4rten, Schulen, Kirchen (in Hamburg, Stade, Buchholz, Spr\u00f6tze, Frisoyte, Garrel, Cloppenburg, Vechta etc.), Phantom der Oper, Mark Forster, NEXO-Audiosysteme, Die Sterne, Revolverheld, Roger Cicero, Simple Minds, Tagesm\u00fctter und V\u00e4ter Buchholz e.V., Thalia Theater, Tocotronic, Turbonegro, Ulrich Tukur, University Players Hamburg, Yamaha Music<\/p>\n\n\n\n<p>Mehr Informationen, Videos<\/p>\n\n\n\n<figure class=\"wp-block-embed is-type-wp-embed is-provider-musicalzentrale-de-berichte-rezensionen-forum wp-block-embed-musicalzentrale-de-berichte-rezensionen-forum\"><div class=\"wp-block-embed__wrapper\">\n<blockquote class=\"wp-embedded-content\" data-secret=\"CghVI4T6xG\"><a href=\"https:\/\/musicalzentrale.de\/80168\/westerland\/\">Westerland (2007 &#8211; 2009) <\/a> Delphi Showpalast, Hamburg <\/a><\/blockquote><iframe loading=\"lazy\" class=\"wp-embedded-content\" sandbox=\"allow-scripts\" security=\"restricted\" style=\"position: absolute; clip: rect(1px, 1px, 1px, 1px);\" title=\"&#8222;Westerland &lt;span class=&quot;bGrey openingMonth&quot;&gt;(2007 - 2009)&lt;\/span&gt; &lt;\/a&gt;&lt;br \/&gt;&lt;small&gt; Delphi Showpalast, Hamburg &lt;geodata lat=&quot;53.5717856345000000&quot; lon=&quot;9.9582649556900000&quot; class=&quot;geo80168&quot; \/&gt;&lt;\/small&gt;&#8220; &#8212; musicalzentrale.de - Berichte, Rezensionen, Forum\" src=\"https:\/\/musicalzentrale.de\/80168\/westerland\/embed\/#?secret=5lm0eDkbYC#?secret=CghVI4T6xG\" data-secret=\"CghVI4T6xG\" width=\"525\" height=\"296\" frameborder=\"0\" marginwidth=\"0\" marginheight=\"0\" scrolling=\"no\"><\/iframe>\n<\/div><\/figure>\n\n\n\n<p><a href=\"https:\/\/www.thalia-theater.de\/stueck\/h-100-seconds-to-midnight-2022\">https:\/\/www.thalia-theater.de\/stueck\/h-100-seconds-to-midnight-2022<\/a><\/p>\n\n\n\n<p><a href=\"https:\/\/www.ruhrtriennale.de\/de\/programm\/legende\/119\">https:\/\/www.ruhrtriennale.de\/de\/programm\/legende\/119<\/a><\/p>\n\n\n\n<p><a href=\"https:\/\/www.thalia-theater.de\/stueck\/grm-brainfuck-2021\">https:\/\/www.thalia-theater.de\/stueck\/grm-brainfuck-2021<\/a><\/p>\n\n\n\n<p><a href=\"https:\/\/nachtkritik.de\/?view=article&amp;id=23118&amp;layout=*&amp;catid=1459\">https:\/\/nachtkritik.de\/?view=article&amp;id=23118&amp;layout=*&amp;catid=1459<\/a><\/p>\n\n\n\n<p><a href=\"https:\/\/www.kultura-extra.de\/theater\/auffuehrungen\/UA_RonenChen_StateOfAffairs_thaliaHH.php\">https:\/\/www.kultura-extra.de\/theater\/auffuehrungen\/UA_RonenChen_StateOfAffairs_thaliaHH.php<\/a><\/p>\n\n\n\n<p><a href=\"https:\/\/www.lightsoundjournal.de\/2009\/09\/05\/yamaha-ls9-digitalkonsole-im-festland\">https:\/\/www.lightsoundjournal.de\/2009\/09\/05\/yamaha-ls9-digitalkonsole-im-festland<\/a><\/p>\n","protected":false},"excerpt":{"rendered":"<p>Referenzen (kleiner Auszug) von Alexander Rothenberg &amp; Sven Baumelt Aurora, Beat Magazin, Carlsen Verlag Hamburg, Coffee, Disneys Tarzan Musical, Element Of Crime, Junges Gl\u00fcck, Flugbegleiter, Franka Potente, Humblebeat, Iris Berben, diverse Kinderg\u00e4rten, Schulen, Kirchen (in Hamburg, Stade, Buchholz, Spr\u00f6tze, Frisoyte, Garrel, Cloppenburg, Vechta etc.), Phantom der Oper, Mark Forster, NEXO-Audiosysteme, Die Sterne, Revolverheld, Roger Cicero, &hellip; <\/p>\n<p class=\"link-more\"><a href=\"https:\/\/studiomobil.net\/?page_id=416\" class=\"more-link\"><span class=\"screen-reader-text\">\u201eReferenzen\u201c<\/span> weiterlesen<\/a><\/p>\n","protected":false},"author":1,"featured_media":0,"parent":0,"menu_order":0,"comment_status":"closed","ping_status":"closed","template":"","meta":{"footnotes":""},"class_list":["post-416","page","type-page","status-publish","hentry"],"_links":{"self":[{"href":"https:\/\/studiomobil.net\/index.php?rest_route=\/wp\/v2\/pages\/416"}],"collection":[{"href":"https:\/\/studiomobil.net\/index.php?rest_route=\/wp\/v2\/pages"}],"about":[{"href":"https:\/\/studiomobil.net\/index.php?rest_route=\/wp\/v2\/types\/page"}],"author":[{"embeddable":true,"href":"https:\/\/studiomobil.net\/index.php?rest_route=\/wp\/v2\/users\/1"}],"replies":[{"embeddable":true,"href":"https:\/\/studiomobil.net\/index.php?rest_route=%2Fwp%2Fv2%2Fcomments&post=416"}],"version-history":[{"count":8,"href":"https:\/\/studiomobil.net\/index.php?rest_route=\/wp\/v2\/pages\/416\/revisions"}],"predecessor-version":[{"id":444,"href":"https:\/\/studiomobil.net\/index.php?rest_route=\/wp\/v2\/pages\/416\/revisions\/444"}],"wp:attachment":[{"href":"https:\/\/studiomobil.net\/index.php?rest_route=%2Fwp%2Fv2%2Fmedia&parent=416"}],"curies":[{"name":"wp","href":"https:\/\/api.w.org\/{rel}","templated":true}]}}