{"id":382,"date":"2024-07-01T12:48:13","date_gmt":"2024-07-01T12:48:13","guid":{"rendered":"https:\/\/studiomobil.net\/?page_id=382"},"modified":"2024-07-03T19:13:44","modified_gmt":"2024-07-03T19:13:44","slug":"humblebeat","status":"publish","type":"page","link":"https:\/\/studiomobil.net\/?page_id=382","title":{"rendered":"Humblebeat"},"content":{"rendered":"\n<p>Subtiler Einsatz, gro\u00dfe Wirkung. Soundtracks werden als Emotionstransporter unter Filmmaterial noch immer regelm\u00e4\u00dfig untersch\u00e4tzt. Dabei w\u00fcrden epochale Meisterwerke wie &#8222;Spiel mit das Lied von Tod&#8220; oder &#8222;Dune&#8220; unverz\u00fcglich in sich zusammenfallen, w\u00fcrde man den den Sound von Ennio Morricone beziehungsweise Hans Zimmer auf einmal weglassen. <\/p>\n\n\n\n<p>Ich produziere unter meinem Pseudonym Humblebeat lizenzfreie Tracks und Sounds f\u00fcr Ihr Filmmaterial, ihr Werbevideo oder Ihren Auftritt auf YouTube, Instagram oder Tiktok. Mein Repertoire reicht von klassischen Filmscores \u00fcber Easy Listening und New Age bis hin zu h\u00e4rteren urbanen Electronica-Stilen wie Trap und Dubstep.<br><br>Alexander<\/p>\n\n\n\n<p><em><strong>Japanese House<\/strong><\/em><\/p>\n\n\n\n<p><em>J\u00fcngste Audiokomposition und -produktion f\u00fcr die Manga-Abteilung vom Carlsen Verlag in Hamburg im elektronischen House-Stil, aber mit typisch japanischen Instrumenten kombiniert (<em>Mangas sind japanische Comics).<\/em><\/em> <em>Pr\u00e4zise Gute-Laune-Dancemusic mit starkem Bezug zu traditionellen japanischen Kl\u00e4ngen und den ber\u00fchmten Taiko-Trommeln.<\/em><\/p>\n\n\n\n<p><em>Exotisch, positive Vibes, gute Laune, Verbindung von japanischer Tradition und technoider Moderne, zwingender Groove, sehr gut tanzbar<\/em><\/p>\n\n\n\n<figure class=\"wp-block-audio\"><audio controls src=\"https:\/\/studiomobil.net\/wp-content\/uploads\/2024\/07\/Tiktokjapan5.mp3\"><\/audio><\/figure>\n\n\n\n<p><br><\/p>\n","protected":false},"excerpt":{"rendered":"<p>Subtiler Einsatz, gro\u00dfe Wirkung. Soundtracks werden als Emotionstransporter unter Filmmaterial noch immer regelm\u00e4\u00dfig untersch\u00e4tzt. Dabei w\u00fcrden epochale Meisterwerke wie &#8222;Spiel mit das Lied von Tod&#8220; oder &#8222;Dune&#8220; unverz\u00fcglich in sich zusammenfallen, w\u00fcrde man den den Sound von Ennio Morricone beziehungsweise Hans Zimmer auf einmal weglassen. Ich produziere unter meinem Pseudonym Humblebeat lizenzfreie Tracks und Sounds &hellip; <\/p>\n<p class=\"link-more\"><a href=\"https:\/\/studiomobil.net\/?page_id=382\" class=\"more-link\"><span class=\"screen-reader-text\">\u201eHumblebeat\u201c<\/span> weiterlesen<\/a><\/p>\n","protected":false},"author":1,"featured_media":0,"parent":0,"menu_order":0,"comment_status":"closed","ping_status":"closed","template":"","meta":{"footnotes":""},"class_list":["post-382","page","type-page","status-publish","hentry"],"_links":{"self":[{"href":"https:\/\/studiomobil.net\/index.php?rest_route=\/wp\/v2\/pages\/382"}],"collection":[{"href":"https:\/\/studiomobil.net\/index.php?rest_route=\/wp\/v2\/pages"}],"about":[{"href":"https:\/\/studiomobil.net\/index.php?rest_route=\/wp\/v2\/types\/page"}],"author":[{"embeddable":true,"href":"https:\/\/studiomobil.net\/index.php?rest_route=\/wp\/v2\/users\/1"}],"replies":[{"embeddable":true,"href":"https:\/\/studiomobil.net\/index.php?rest_route=%2Fwp%2Fv2%2Fcomments&post=382"}],"version-history":[{"count":15,"href":"https:\/\/studiomobil.net\/index.php?rest_route=\/wp\/v2\/pages\/382\/revisions"}],"predecessor-version":[{"id":426,"href":"https:\/\/studiomobil.net\/index.php?rest_route=\/wp\/v2\/pages\/382\/revisions\/426"}],"wp:attachment":[{"href":"https:\/\/studiomobil.net\/index.php?rest_route=%2Fwp%2Fv2%2Fmedia&parent=382"}],"curies":[{"name":"wp","href":"https:\/\/api.w.org\/{rel}","templated":true}]}}