{"id":186,"date":"2018-05-29T15:00:59","date_gmt":"2018-05-29T15:00:59","guid":{"rendered":"https:\/\/studiomobil.net\/?page_id=186"},"modified":"2018-05-29T17:47:40","modified_gmt":"2018-05-29T17:47:40","slug":"download","status":"publish","type":"page","link":"https:\/\/studiomobil.net\/?page_id=186","title":{"rendered":"Download"},"content":{"rendered":"<p>Diese Seite befndet sich noch im Aufbau. Hier finden Sie bald interessante und wichtige Merkbl\u00e4tter und Unterlagen f\u00fcr Ihre Aufnahme oder Produktion. Kinderg\u00e4rten (gilt auch f\u00fcr Schulen) finden hier bereits eine Anleitung sowie Vordrucke f\u00fcr die Lieder, die eingespielt werden sollen.<\/p>\n<div id=\"head\">\n<h2><\/h2>\n<\/div>\n<div id=\"text_01\">\n<p>Bereits zusammengestellt haben wir einige Unterlagen f\u00fcr Kinderg\u00e4rten und Schulen, die weitere Informationen \u00fcber STUDIOMOBIL enthalten und Ihnen bei der Vorbereitung des Projekts helfen sollen. Klicken Sie einfach jeweils auf den Link, um die Dokumente herunterzuladen.<\/p>\n<p>Sollten Sie dar\u00fcber hinaus noch Fragen oder Anregungen haben, z\u00f6gern Sie nicht, uns anzurufen: Tel. 040\/73089613. Oder schreiben Sie uns eine <a title=\"Schreiben Sie uns eine E-Mail\" href=\"mailto:office@studiomobil.net\" target=\"_blank\" rel=\"noopener\">Nachricht <\/a><\/p>\n<h3>Infobrosch\u00fcre STUDIOMOBIL<\/h3>\n<p>Hier finden Sie ausf\u00fchrliche Informationen \u00fcber uns und unser Konzept als PDF zum <a title=\"Hier gibt es die Brosch\u00fcre\" href=\"http:\/\/www.studiomobil.net\/Studiomobilbrosch\u00fcre.pdf\">Download <\/a>(800 Kb)<\/p>\n<\/div>\n<div><\/div>\n<div>\n<h3>Einverst\u00e4ndniserkl\u00e4rung f\u00fcr die Eltern<\/h3>\n<p>Vor dem Aufnahmetermin empfiehlt es sich, bei den Eltern das Einverst\u00e4ndnis einzuholen, dass ihre Kinder an der Aufnahme teilnehmen d\u00fcrfen. Eine Vorlage gibt es hier als <a title=\"Hier gibt es die Einverst\u00e4ndniserkl\u00e4rung\" href=\"http:\/\/www.studiomobil.net\/Einverst\u00e4ndnis.pdf\">Download (60 kb)<\/a><\/p>\n<\/div>\n<div><\/div>\n<div>\n<h3>Titelliste<\/h3>\n<p>Bevor wir die Aufnahme durchf\u00fchren, brauchen wir von den Erziehern oder Lehrern eine Liste mit den Liedern, die gesungen werden sollen. Wichtig sind hierbei die vollst\u00e4ndigen Namen der Komponisten und Texter sowie die richtige Reihenfolge.<a title=\"Hier gibt es die Titelliste\" href=\"http:\/\/www.studiomobil.net\/Titelliste.doc\">Download (50 kb)<\/a><\/p>\n<\/div>\n<div>\n<h3>\nCheckliste<\/h3>\n<p>So vergessen Sie garantiert nichts: Alle wichtigen Dinge, die vor der Aufnahme mit STUDIOMOBIL wichtig sind, auf einem Blick: <a title=\"Hier gibt es die Checkliste\" href=\"http:\/\/www.studiomobil.net\/checkliste.doc\">Download (40 kb)<\/a><\/p>\n<\/div>\n","protected":false},"excerpt":{"rendered":"<p>Diese Seite befndet sich noch im Aufbau. Hier finden Sie bald interessante und wichtige Merkbl\u00e4tter und Unterlagen f\u00fcr Ihre Aufnahme oder Produktion. Kinderg\u00e4rten (gilt auch f\u00fcr Schulen) finden hier bereits eine Anleitung sowie Vordrucke f\u00fcr die Lieder, die eingespielt werden sollen. Bereits zusammengestellt haben wir einige Unterlagen f\u00fcr Kinderg\u00e4rten und Schulen, die weitere Informationen \u00fcber &hellip; <\/p>\n<p class=\"link-more\"><a href=\"https:\/\/studiomobil.net\/?page_id=186\" class=\"more-link\"><span class=\"screen-reader-text\">\u201eDownload\u201c<\/span> weiterlesen<\/a><\/p>\n","protected":false},"author":1,"featured_media":0,"parent":0,"menu_order":0,"comment_status":"closed","ping_status":"closed","template":"","meta":{"footnotes":""},"class_list":["post-186","page","type-page","status-publish","hentry"],"_links":{"self":[{"href":"https:\/\/studiomobil.net\/index.php?rest_route=\/wp\/v2\/pages\/186"}],"collection":[{"href":"https:\/\/studiomobil.net\/index.php?rest_route=\/wp\/v2\/pages"}],"about":[{"href":"https:\/\/studiomobil.net\/index.php?rest_route=\/wp\/v2\/types\/page"}],"author":[{"embeddable":true,"href":"https:\/\/studiomobil.net\/index.php?rest_route=\/wp\/v2\/users\/1"}],"replies":[{"embeddable":true,"href":"https:\/\/studiomobil.net\/index.php?rest_route=%2Fwp%2Fv2%2Fcomments&post=186"}],"version-history":[{"count":6,"href":"https:\/\/studiomobil.net\/index.php?rest_route=\/wp\/v2\/pages\/186\/revisions"}],"predecessor-version":[{"id":226,"href":"https:\/\/studiomobil.net\/index.php?rest_route=\/wp\/v2\/pages\/186\/revisions\/226"}],"wp:attachment":[{"href":"https:\/\/studiomobil.net\/index.php?rest_route=%2Fwp%2Fv2%2Fmedia&parent=186"}],"curies":[{"name":"wp","href":"https:\/\/api.w.org\/{rel}","templated":true}]}}